{"id":8338,"date":"2021-08-01T00:08:41","date_gmt":"2021-07-31T21:08:41","guid":{"rendered":"https:\/\/alternatifbakim.org\/about-us\/"},"modified":"2025-03-15T04:06:09","modified_gmt":"2025-03-15T01:06:09","slug":"about-us","status":"publish","type":"page","link":"https:\/\/alternatifbakim.org\/en\/about-us\/","title":{"rendered":"About Us"},"content":{"rendered":"\t\t<div data-elementor-type=\"wp-page\" data-elementor-id=\"8338\" class=\"elementor elementor-8338 elementor-5586\" data-elementor-post-type=\"page\">\n\t\t\t\t<header class=\"elementor-element elementor-element-419dfd0 e-con-full e-flex e-con e-parent\" data-id=\"419dfd0\" data-element_type=\"container\" data-settings=\"{&quot;background_background&quot;:&quot;classic&quot;,&quot;shape_divider_bottom&quot;:&quot;opacity-fan&quot;}\">\n\t\t\t\t<div class=\"elementor-shape elementor-shape-bottom\" data-negative=\"false\">\n\t\t\t<svg xmlns=\"http:\/\/www.w3.org\/2000\/svg\" viewBox=\"0 0 283.5 19.6\" preserveAspectRatio=\"none\">\n\t<path class=\"elementor-shape-fill\" style=\"opacity:0.33\" d=\"M0 0L0 18.8 141.8 4.1 283.5 18.8 283.5 0z\"\/>\n\t<path class=\"elementor-shape-fill\" style=\"opacity:0.33\" d=\"M0 0L0 12.6 141.8 4 283.5 12.6 283.5 0z\"\/>\n\t<path class=\"elementor-shape-fill\" style=\"opacity:0.33\" d=\"M0 0L0 6.4 141.8 4 283.5 6.4 283.5 0z\"\/>\n\t<path class=\"elementor-shape-fill\" d=\"M0 0L0 1.2 141.8 4 283.5 1.2 283.5 0z\"\/>\n<\/svg>\t\t<\/div>\n\t\t<div class=\"elementor-element elementor-element-0edcd15 e-con-full e-flex e-con e-child\" data-id=\"0edcd15\" data-element_type=\"container\">\n\t\t\t\t<\/div>\n\t\t\t\t<\/header>\n\t\t<div class=\"elementor-element elementor-element-a79f455 e-flex e-con-boxed e-con e-parent\" data-id=\"a79f455\" data-element_type=\"container\">\n\t\t\t\t\t<div class=\"e-con-inner\">\n\t\t<div class=\"elementor-element elementor-element-8c7caf0 e-con-full e-flex e-con e-child\" data-id=\"8c7caf0\" data-element_type=\"container\">\n\t\t\t\t<div class=\"elementor-element elementor-element-f418b9b elementor-widget elementor-widget-text-editor\" data-id=\"f418b9b\" data-element_type=\"widget\" data-widget_type=\"text-editor.default\">\n\t\t\t\t<div class=\"elementor-widget-container\">\n\t\t\t\t\t\t\t\t\t<p>Alternative care database was established by <a href=\"https:\/\/www.hayatsende.org\" target=\"_blank\" rel=\"noopener\">Hayat Sende Association<\/a> with the aim of monitoring and advocacy in the field of children, young people and individuals who grow up under protection.<\/p>\t\t\t\t\t\t\t\t<\/div>\n\t\t\t\t<\/div>\n\t\t\t\t<\/div>\n\t\t<div class=\"elementor-element elementor-element-3990aa8 e-con-full e-flex e-con e-child\" data-id=\"3990aa8\" data-element_type=\"container\">\n\t\t\t\t<div class=\"elementor-element elementor-element-576fdb3 elementor-widget elementor-widget-image\" data-id=\"576fdb3\" data-element_type=\"widget\" data-widget_type=\"image.default\">\n\t\t\t\t<div class=\"elementor-widget-container\">\n\t\t\t\t\t\t\t\t\t\t\t\t\t\t\t<img fetchpriority=\"high\" decoding=\"async\" width=\"625\" height=\"406\" src=\"https:\/\/alternatifbakim.org\/wp-content\/uploads\/2021\/07\/Hayat-Sende-Logo-625x406-1.png\" class=\"attachment-full size-full wp-image-6831\" alt=\"Hayat Sende Logo\" srcset=\"https:\/\/alternatifbakim.org\/wp-content\/uploads\/2021\/07\/Hayat-Sende-Logo-625x406-1.png 625w, https:\/\/alternatifbakim.org\/wp-content\/uploads\/2021\/07\/Hayat-Sende-Logo-625x406-1-300x195.png 300w, https:\/\/alternatifbakim.org\/wp-content\/uploads\/2021\/07\/Hayat-Sende-Logo-625x406-1-600x390.png 600w\" sizes=\"(max-width: 625px) 100vw, 625px\" \/>\t\t\t\t\t\t\t\t\t\t\t\t\t\t\t<\/div>\n\t\t\t\t<\/div>\n\t\t\t\t<\/div>\n\t\t\t\t\t<\/div>\n\t\t\t\t<\/div>\n\t\t<div class=\"elementor-element elementor-element-6222635 e-flex e-con-boxed e-con e-parent\" data-id=\"6222635\" data-element_type=\"container\">\n\t\t\t\t\t<div class=\"e-con-inner\">\n\t\t<div class=\"elementor-element elementor-element-f6bd7a1 e-con-full e-flex e-con e-child\" data-id=\"f6bd7a1\" data-element_type=\"container\">\n\t\t\t\t<div class=\"elementor-element elementor-element-9e4b8c1 elementor-widget elementor-widget-text-editor\" data-id=\"9e4b8c1\" data-element_type=\"widget\" data-widget_type=\"text-editor.default\">\n\t\t\t\t<div class=\"elementor-widget-container\">\n\t\t\t\t\t\t\t\t\t<p>The data on children, young people and individuals leaving protection under protection in Turkey cannot meet the needs of the field. With this database, it is aimed to increase the visibility of children and young people with different characteristics and needs within the child protection system, and to highlight their needs and problems. Monitoring and reporting on the child protection system in Turkey is carried out through the database.<\/p><p>Statistical data contained in the database are obtained from the Ministry of Family and Social Services, and news reflected in the written press and publications are published by non-governmental organizations. Descriptive data consists of national and international reports, academic studies, expert opinions, news samples, strategic litigation examples.<\/p><p>Individuals who were raised under the child prorective services can also share data at any time on this database. Meaning that, they can enter information to the <a title=\"Contact\" href=\"https:\/\/alternatifbakim.org\/en\/contact\/\">data sharing platform<\/a>.<\/p>\t\t\t\t\t\t\t\t<\/div>\n\t\t\t\t<\/div>\n\t\t\t\t<\/div>\n\t\t\t\t\t<\/div>\n\t\t\t\t<\/div>\n\t\t<div class=\"elementor-element elementor-element-a651605 e-flex e-con-boxed e-con e-parent\" data-id=\"a651605\" data-element_type=\"container\">\n\t\t\t\t\t<div class=\"e-con-inner\">\n\t\t\t\t<div class=\"elementor-element elementor-element-0a8ccac elementor-align-center elementor-widget elementor-widget-button\" data-id=\"0a8ccac\" data-element_type=\"widget\" data-widget_type=\"button.default\">\n\t\t\t\t<div class=\"elementor-widget-container\">\n\t\t\t\t\t\t\t\t\t<div class=\"elementor-button-wrapper\">\n\t\t\t\t\t<a class=\"elementor-button elementor-button-link elementor-size-md\" href=\"https:\/\/alternatifbakim.org\/destek-veren-kuruluslar\/\">\n\t\t\t\t\t\t<span class=\"elementor-button-content-wrapper\">\n\t\t\t\t\t\t\t\t\t<span class=\"elementor-button-text\">Supporting Organizations<\/span>\n\t\t\t\t\t<\/span>\n\t\t\t\t\t<\/a>\n\t\t\t\t<\/div>\n\t\t\t\t\t\t\t\t<\/div>\n\t\t\t\t<\/div>\n\t\t\t\t<div class=\"elementor-element elementor-element-4cecddc elementor-align-center elementor-widget elementor-widget-button\" data-id=\"4cecddc\" data-element_type=\"widget\" data-widget_type=\"button.default\">\n\t\t\t\t<div class=\"elementor-widget-container\">\n\t\t\t\t\t\t\t\t\t<div class=\"elementor-button-wrapper\">\n\t\t\t\t\t<a class=\"elementor-button elementor-button-link elementor-size-md\" href=\"https:\/\/alternatifbakim.org\/docs\/\">\n\t\t\t\t\t\t<span class=\"elementor-button-content-wrapper\">\n\t\t\t\t\t\t\t\t\t<span class=\"elementor-button-text\">Database<\/span>\n\t\t\t\t\t<\/span>\n\t\t\t\t\t<\/a>\n\t\t\t\t<\/div>\n\t\t\t\t\t\t\t\t<\/div>\n\t\t\t\t<\/div>\n\t\t\t\t\t<\/div>\n\t\t\t\t<\/div>\n\t\t<div class=\"elementor-element elementor-element-9c17efc e-flex e-con-boxed e-con e-parent\" data-id=\"9c17efc\" data-element_type=\"container\">\n\t\t\t\t\t<div class=\"e-con-inner\">\n\t\t\t\t<div class=\"elementor-element elementor-element-48adc58 elementor-widget elementor-widget-heading\" data-id=\"48adc58\" data-element_type=\"widget\" data-widget_type=\"heading.default\">\n\t\t\t\t<div class=\"elementor-widget-container\">\n\t\t\t\t\t<h5 class=\"elementor-heading-title elementor-size-default\">Follow Us...<\/h5>\t\t\t\t<\/div>\n\t\t\t\t<\/div>\n\t\t\t\t<div class=\"elementor-element elementor-element-bde948d elementor-shape-circle elementor-grid-5 e-grid-align-mobile-center e-grid-align-center elementor-widget elementor-widget-social-icons\" data-id=\"bde948d\" data-element_type=\"widget\" data-widget_type=\"social-icons.default\">\n\t\t\t\t<div class=\"elementor-widget-container\">\n\t\t\t\t\t\t\t<div class=\"elementor-social-icons-wrapper elementor-grid\">\n\t\t\t\t\t\t\t<span class=\"elementor-grid-item\">\n\t\t\t\t\t<a class=\"elementor-icon elementor-social-icon elementor-social-icon-facebook elementor-repeater-item-c27059f\" href=\"https:\/\/www.facebook.com\/hayatsendeorg\" target=\"_blank\">\n\t\t\t\t\t\t<span class=\"elementor-screen-only\">Facebook<\/span>\n\t\t\t\t\t\t<svg class=\"e-font-icon-svg e-fab-facebook\" viewBox=\"0 0 512 512\" xmlns=\"http:\/\/www.w3.org\/2000\/svg\"><path d=\"M504 256C504 119 393 8 256 8S8 119 8 256c0 123.78 90.69 226.38 209.25 245V327.69h-63V256h63v-54.64c0-62.15 37-96.48 93.67-96.48 27.14 0 55.52 4.84 55.52 4.84v61h-31.28c-30.8 0-40.41 19.12-40.41 38.73V256h68.78l-11 71.69h-57.78V501C413.31 482.38 504 379.78 504 256z\"><\/path><\/svg>\t\t\t\t\t<\/a>\n\t\t\t\t<\/span>\n\t\t\t\t\t\t\t<span class=\"elementor-grid-item\">\n\t\t\t\t\t<a class=\"elementor-icon elementor-social-icon elementor-social-icon-instagram elementor-repeater-item-3de5e2c\" href=\"https:\/\/www.instagram.com\/alternatifbakim\/\" target=\"_blank\">\n\t\t\t\t\t\t<span class=\"elementor-screen-only\">Instagram<\/span>\n\t\t\t\t\t\t<svg class=\"e-font-icon-svg e-fab-instagram\" viewBox=\"0 0 448 512\" xmlns=\"http:\/\/www.w3.org\/2000\/svg\"><path d=\"M224.1 141c-63.6 0-114.9 51.3-114.9 114.9s51.3 114.9 114.9 114.9S339 319.5 339 255.9 287.7 141 224.1 141zm0 189.6c-41.1 0-74.7-33.5-74.7-74.7s33.5-74.7 74.7-74.7 74.7 33.5 74.7 74.7-33.6 74.7-74.7 74.7zm146.4-194.3c0 14.9-12 26.8-26.8 26.8-14.9 0-26.8-12-26.8-26.8s12-26.8 26.8-26.8 26.8 12 26.8 26.8zm76.1 27.2c-1.7-35.9-9.9-67.7-36.2-93.9-26.2-26.2-58-34.4-93.9-36.2-37-2.1-147.9-2.1-184.9 0-35.8 1.7-67.6 9.9-93.9 36.1s-34.4 58-36.2 93.9c-2.1 37-2.1 147.9 0 184.9 1.7 35.9 9.9 67.7 36.2 93.9s58 34.4 93.9 36.2c37 2.1 147.9 2.1 184.9 0 35.9-1.7 67.7-9.9 93.9-36.2 26.2-26.2 34.4-58 36.2-93.9 2.1-37 2.1-147.8 0-184.8zM398.8 388c-7.8 19.6-22.9 34.7-42.6 42.6-29.5 11.7-99.5 9-132.1 9s-102.7 2.6-132.1-9c-19.6-7.8-34.7-22.9-42.6-42.6-11.7-29.5-9-99.5-9-132.1s-2.6-102.7 9-132.1c7.8-19.6 22.9-34.7 42.6-42.6 29.5-11.7 99.5-9 132.1-9s102.7-2.6 132.1 9c19.6 7.8 34.7 22.9 42.6 42.6 11.7 29.5 9 99.5 9 132.1s2.7 102.7-9 132.1z\"><\/path><\/svg>\t\t\t\t\t<\/a>\n\t\t\t\t<\/span>\n\t\t\t\t\t\t\t<span class=\"elementor-grid-item\">\n\t\t\t\t\t<a class=\"elementor-icon elementor-social-icon elementor-social-icon-twitter elementor-repeater-item-0a56542\" href=\"https:\/\/twitter.com\/hayatsendeorg\" target=\"_blank\">\n\t\t\t\t\t\t<span class=\"elementor-screen-only\">Twitter<\/span>\n\t\t\t\t\t\t<svg class=\"e-font-icon-svg e-fab-twitter\" viewBox=\"0 0 512 512\" xmlns=\"http:\/\/www.w3.org\/2000\/svg\"><path d=\"M459.37 151.716c.325 4.548.325 9.097.325 13.645 0 138.72-105.583 298.558-298.558 298.558-59.452 0-114.68-17.219-161.137-47.106 8.447.974 16.568 1.299 25.34 1.299 49.055 0 94.213-16.568 130.274-44.832-46.132-.975-84.792-31.188-98.112-72.772 6.498.974 12.995 1.624 19.818 1.624 9.421 0 18.843-1.3 27.614-3.573-48.081-9.747-84.143-51.98-84.143-102.985v-1.299c13.969 7.797 30.214 12.67 47.431 13.319-28.264-18.843-46.781-51.005-46.781-87.391 0-19.492 5.197-37.36 14.294-52.954 51.655 63.675 129.3 105.258 216.365 109.807-1.624-7.797-2.599-15.918-2.599-24.04 0-57.828 46.782-104.934 104.934-104.934 30.213 0 57.502 12.67 76.67 33.137 23.715-4.548 46.456-13.32 66.599-25.34-7.798 24.366-24.366 44.833-46.132 57.827 21.117-2.273 41.584-8.122 60.426-16.243-14.292 20.791-32.161 39.308-52.628 54.253z\"><\/path><\/svg>\t\t\t\t\t<\/a>\n\t\t\t\t<\/span>\n\t\t\t\t\t\t\t<span class=\"elementor-grid-item\">\n\t\t\t\t\t<a class=\"elementor-icon elementor-social-icon elementor-social-icon-youtube elementor-repeater-item-18b645a\" href=\"https:\/\/www.youtube.com\/channel\/UCi_cwDlfS8YvxWWKFRWaAdw\" target=\"_blank\">\n\t\t\t\t\t\t<span class=\"elementor-screen-only\">Youtube<\/span>\n\t\t\t\t\t\t<svg class=\"e-font-icon-svg e-fab-youtube\" viewBox=\"0 0 576 512\" xmlns=\"http:\/\/www.w3.org\/2000\/svg\"><path d=\"M549.655 124.083c-6.281-23.65-24.787-42.276-48.284-48.597C458.781 64 288 64 288 64S117.22 64 74.629 75.486c-23.497 6.322-42.003 24.947-48.284 48.597-11.412 42.867-11.412 132.305-11.412 132.305s0 89.438 11.412 132.305c6.281 23.65 24.787 41.5 48.284 47.821C117.22 448 288 448 288 448s170.78 0 213.371-11.486c23.497-6.321 42.003-24.171 48.284-47.821 11.412-42.867 11.412-132.305 11.412-132.305s0-89.438-11.412-132.305zm-317.51 213.508V175.185l142.739 81.205-142.739 81.201z\"><\/path><\/svg>\t\t\t\t\t<\/a>\n\t\t\t\t<\/span>\n\t\t\t\t\t\t\t<span class=\"elementor-grid-item\">\n\t\t\t\t\t<a class=\"elementor-icon elementor-social-icon elementor-social-icon-linkedin elementor-repeater-item-e60b44c\" href=\"https:\/\/www.linkedin.com\/company\/hayatsende\/\" target=\"_blank\">\n\t\t\t\t\t\t<span class=\"elementor-screen-only\">Linkedin<\/span>\n\t\t\t\t\t\t<svg class=\"e-font-icon-svg e-fab-linkedin\" viewBox=\"0 0 448 512\" xmlns=\"http:\/\/www.w3.org\/2000\/svg\"><path d=\"M416 32H31.9C14.3 32 0 46.5 0 64.3v383.4C0 465.5 14.3 480 31.9 480H416c17.6 0 32-14.5 32-32.3V64.3c0-17.8-14.4-32.3-32-32.3zM135.4 416H69V202.2h66.5V416zm-33.2-243c-21.3 0-38.5-17.3-38.5-38.5S80.9 96 102.2 96c21.2 0 38.5 17.3 38.5 38.5 0 21.3-17.2 38.5-38.5 38.5zm282.1 243h-66.4V312c0-24.8-.5-56.7-34.5-56.7-34.6 0-39.9 27-39.9 54.9V416h-66.4V202.2h63.7v29.2h.9c8.9-16.8 30.6-34.5 62.9-34.5 67.2 0 79.7 44.3 79.7 101.9V416z\"><\/path><\/svg>\t\t\t\t\t<\/a>\n\t\t\t\t<\/span>\n\t\t\t\t\t<\/div>\n\t\t\t\t\t\t<\/div>\n\t\t\t\t<\/div>\n\t\t\t\t\t<\/div>\n\t\t\t\t<\/div>\n\t\t\t\t<\/div>\n\t\t","protected":false},"excerpt":{"rendered":"<p>Alternative care database was established by Hayat Sende Association with the aim of monitoring and advocacy in the field of children, young people and individuals who grow up under protection. The data on children, young people and individuals leaving protection under protection in Turkey cannot meet the needs of the field. With this database, it [&hellip;]<\/p>\n","protected":false},"author":3,"featured_media":6948,"parent":0,"menu_order":0,"comment_status":"closed","ping_status":"closed","template":"elementor_header_footer","meta":{"_acf_changed":false,"footnotes":""},"class_list":["post-8338","page","type-page","status-publish","has-post-thumbnail","hentry"],"acf":[],"yoast_head":"<!-- This site is optimized with the Yoast SEO plugin v24.7 - https:\/\/yoast.com\/wordpress\/plugins\/seo\/ -->\n<title>About Us - Alternatif Bak\u0131m Veritaban\u0131<\/title>\n<meta name=\"description\" content=\"The Alternative Care Database is created by Hayat Sende Association to monitor children, young people and individuals who leave the protection...\" \/>\n<meta name=\"robots\" content=\"index, follow, max-snippet:-1, max-image-preview:large, max-video-preview:-1\" \/>\n<link rel=\"canonical\" href=\"https:\/\/alternatifbakim.org\/en\/about-us\/\" \/>\n<meta property=\"og:locale\" content=\"en_US\" \/>\n<meta property=\"og:type\" content=\"article\" \/>\n<meta property=\"og:title\" content=\"About Us - Alternatif Bak\u0131m Veritaban\u0131\" \/>\n<meta property=\"og:description\" content=\"The Alternative Care Database is created by Hayat Sende Association to monitor children, young people and individuals who leave the protection...\" \/>\n<meta property=\"og:url\" content=\"https:\/\/alternatifbakim.org\/en\/about-us\/\" \/>\n<meta property=\"og:site_name\" content=\"Alternatif Bak\u0131m Veritaban\u0131\" \/>\n<meta property=\"article:publisher\" content=\"https:\/\/www.facebook.com\/hayatsendeorg\" \/>\n<meta property=\"article:modified_time\" content=\"2025-03-15T01:06:09+00:00\" \/>\n<meta property=\"og:image\" content=\"https:\/\/alternatifbakim.org\/wp-content\/uploads\/2021\/07\/alternatif-bakim-Favicon-512x512-1.png\" \/>\n\t<meta property=\"og:image:width\" content=\"512\" \/>\n\t<meta property=\"og:image:height\" content=\"512\" \/>\n\t<meta property=\"og:image:type\" content=\"image\/png\" \/>\n<meta name=\"twitter:card\" content=\"summary_large_image\" \/>\n<meta name=\"twitter:site\" content=\"@hayatsendeorg\" \/>\n<meta name=\"twitter:label1\" content=\"Est. reading time\" \/>\n\t<meta name=\"twitter:data1\" content=\"1 minute\" \/>\n<script type=\"application\/ld+json\" class=\"yoast-schema-graph\">{\"@context\":\"https:\/\/schema.org\",\"@graph\":[{\"@type\":\"WebPage\",\"@id\":\"https:\/\/alternatifbakim.org\/en\/about-us\/\",\"url\":\"https:\/\/alternatifbakim.org\/en\/about-us\/\",\"name\":\"About Us - Alternatif Bak\u0131m Veritaban\u0131\",\"isPartOf\":{\"@id\":\"https:\/\/alternatifbakim.org\/en\/#website\"},\"primaryImageOfPage\":{\"@id\":\"https:\/\/alternatifbakim.org\/en\/about-us\/#primaryimage\"},\"image\":{\"@id\":\"https:\/\/alternatifbakim.org\/en\/about-us\/#primaryimage\"},\"thumbnailUrl\":\"https:\/\/alternatifbakim.org\/wp-content\/uploads\/2021\/07\/alternatif-bakim-Favicon-512x512-1.png\",\"datePublished\":\"2021-07-31T21:08:41+00:00\",\"dateModified\":\"2025-03-15T01:06:09+00:00\",\"description\":\"The Alternative Care Database is created by Hayat Sende Association to monitor children, young people and individuals who leave the protection...\",\"breadcrumb\":{\"@id\":\"https:\/\/alternatifbakim.org\/en\/about-us\/#breadcrumb\"},\"inLanguage\":\"en-US\",\"potentialAction\":[{\"@type\":\"ReadAction\",\"target\":[\"https:\/\/alternatifbakim.org\/en\/about-us\/\"]}]},{\"@type\":\"ImageObject\",\"inLanguage\":\"en-US\",\"@id\":\"https:\/\/alternatifbakim.org\/en\/about-us\/#primaryimage\",\"url\":\"https:\/\/alternatifbakim.org\/wp-content\/uploads\/2021\/07\/alternatif-bakim-Favicon-512x512-1.png\",\"contentUrl\":\"https:\/\/alternatifbakim.org\/wp-content\/uploads\/2021\/07\/alternatif-bakim-Favicon-512x512-1.png\",\"width\":512,\"height\":512,\"caption\":\"Alternatif Bak\u0131m Logo\"},{\"@type\":\"BreadcrumbList\",\"@id\":\"https:\/\/alternatifbakim.org\/en\/about-us\/#breadcrumb\",\"itemListElement\":[{\"@type\":\"ListItem\",\"position\":1,\"name\":\"Homepage\",\"item\":\"https:\/\/alternatifbakim.org\/en\/\"},{\"@type\":\"ListItem\",\"position\":2,\"name\":\"About Us\"}]},{\"@type\":\"WebSite\",\"@id\":\"https:\/\/alternatifbakim.org\/en\/#website\",\"url\":\"https:\/\/alternatifbakim.org\/en\/\",\"name\":\"Alternatif Bak\u0131m Veritaban\u0131\",\"description\":\"\u00c7ocuk Veritaban\u0131\",\"publisher\":{\"@id\":\"https:\/\/alternatifbakim.org\/en\/#organization\"},\"potentialAction\":[{\"@type\":\"SearchAction\",\"target\":{\"@type\":\"EntryPoint\",\"urlTemplate\":\"https:\/\/alternatifbakim.org\/en\/?s={search_term_string}\"},\"query-input\":{\"@type\":\"PropertyValueSpecification\",\"valueRequired\":true,\"valueName\":\"search_term_string\"}}],\"inLanguage\":\"en-US\"},{\"@type\":\"Organization\",\"@id\":\"https:\/\/alternatifbakim.org\/en\/#organization\",\"name\":\"Alternative Care Database\",\"url\":\"https:\/\/alternatifbakim.org\/en\/\",\"logo\":{\"@type\":\"ImageObject\",\"inLanguage\":\"en-US\",\"@id\":\"https:\/\/alternatifbakim.org\/en\/#\/schema\/logo\/image\/\",\"url\":\"https:\/\/alternatifbakim.org\/wp-content\/uploads\/2021\/08\/alternatifbakim-logo.png\",\"contentUrl\":\"https:\/\/alternatifbakim.org\/wp-content\/uploads\/2021\/08\/alternatifbakim-logo.png\",\"width\":3212,\"height\":784,\"caption\":\"Alternative Care Database\"},\"image\":{\"@id\":\"https:\/\/alternatifbakim.org\/en\/#\/schema\/logo\/image\/\"},\"sameAs\":[\"https:\/\/www.facebook.com\/hayatsendeorg\",\"https:\/\/x.com\/hayatsendeorg\",\"https:\/\/www.instagram.com\/alternatifbakim\/\",\"https:\/\/www.linkedin.com\/company\/hayatsende\/\",\"https:\/\/www.youtube.com\/channel\/UCi_cwDlfS8YvxWWKFRWaAdw\"]}]}<\/script>\n<!-- \/ Yoast SEO plugin. -->","yoast_head_json":{"title":"About Us - Alternatif Bak\u0131m Veritaban\u0131","description":"The Alternative Care Database is created by Hayat Sende Association to monitor children, young people and individuals who leave the protection...","robots":{"index":"index","follow":"follow","max-snippet":"max-snippet:-1","max-image-preview":"max-image-preview:large","max-video-preview":"max-video-preview:-1"},"canonical":"https:\/\/alternatifbakim.org\/en\/about-us\/","og_locale":"en_US","og_type":"article","og_title":"About Us - Alternatif Bak\u0131m Veritaban\u0131","og_description":"The Alternative Care Database is created by Hayat Sende Association to monitor children, young people and individuals who leave the protection...","og_url":"https:\/\/alternatifbakim.org\/en\/about-us\/","og_site_name":"Alternatif Bak\u0131m Veritaban\u0131","article_publisher":"https:\/\/www.facebook.com\/hayatsendeorg","article_modified_time":"2025-03-15T01:06:09+00:00","og_image":[{"width":512,"height":512,"url":"https:\/\/alternatifbakim.org\/wp-content\/uploads\/2021\/07\/alternatif-bakim-Favicon-512x512-1.png","type":"image\/png"}],"twitter_card":"summary_large_image","twitter_site":"@hayatsendeorg","twitter_misc":{"Est. reading time":"1 minute"},"schema":{"@context":"https:\/\/schema.org","@graph":[{"@type":"WebPage","@id":"https:\/\/alternatifbakim.org\/en\/about-us\/","url":"https:\/\/alternatifbakim.org\/en\/about-us\/","name":"About Us - Alternatif Bak\u0131m Veritaban\u0131","isPartOf":{"@id":"https:\/\/alternatifbakim.org\/en\/#website"},"primaryImageOfPage":{"@id":"https:\/\/alternatifbakim.org\/en\/about-us\/#primaryimage"},"image":{"@id":"https:\/\/alternatifbakim.org\/en\/about-us\/#primaryimage"},"thumbnailUrl":"https:\/\/alternatifbakim.org\/wp-content\/uploads\/2021\/07\/alternatif-bakim-Favicon-512x512-1.png","datePublished":"2021-07-31T21:08:41+00:00","dateModified":"2025-03-15T01:06:09+00:00","description":"The Alternative Care Database is created by Hayat Sende Association to monitor children, young people and individuals who leave the protection...","breadcrumb":{"@id":"https:\/\/alternatifbakim.org\/en\/about-us\/#breadcrumb"},"inLanguage":"en-US","potentialAction":[{"@type":"ReadAction","target":["https:\/\/alternatifbakim.org\/en\/about-us\/"]}]},{"@type":"ImageObject","inLanguage":"en-US","@id":"https:\/\/alternatifbakim.org\/en\/about-us\/#primaryimage","url":"https:\/\/alternatifbakim.org\/wp-content\/uploads\/2021\/07\/alternatif-bakim-Favicon-512x512-1.png","contentUrl":"https:\/\/alternatifbakim.org\/wp-content\/uploads\/2021\/07\/alternatif-bakim-Favicon-512x512-1.png","width":512,"height":512,"caption":"Alternatif Bak\u0131m Logo"},{"@type":"BreadcrumbList","@id":"https:\/\/alternatifbakim.org\/en\/about-us\/#breadcrumb","itemListElement":[{"@type":"ListItem","position":1,"name":"Homepage","item":"https:\/\/alternatifbakim.org\/en\/"},{"@type":"ListItem","position":2,"name":"About Us"}]},{"@type":"WebSite","@id":"https:\/\/alternatifbakim.org\/en\/#website","url":"https:\/\/alternatifbakim.org\/en\/","name":"Alternatif Bak\u0131m Veritaban\u0131","description":"\u00c7ocuk Veritaban\u0131","publisher":{"@id":"https:\/\/alternatifbakim.org\/en\/#organization"},"potentialAction":[{"@type":"SearchAction","target":{"@type":"EntryPoint","urlTemplate":"https:\/\/alternatifbakim.org\/en\/?s={search_term_string}"},"query-input":{"@type":"PropertyValueSpecification","valueRequired":true,"valueName":"search_term_string"}}],"inLanguage":"en-US"},{"@type":"Organization","@id":"https:\/\/alternatifbakim.org\/en\/#organization","name":"Alternative Care Database","url":"https:\/\/alternatifbakim.org\/en\/","logo":{"@type":"ImageObject","inLanguage":"en-US","@id":"https:\/\/alternatifbakim.org\/en\/#\/schema\/logo\/image\/","url":"https:\/\/alternatifbakim.org\/wp-content\/uploads\/2021\/08\/alternatifbakim-logo.png","contentUrl":"https:\/\/alternatifbakim.org\/wp-content\/uploads\/2021\/08\/alternatifbakim-logo.png","width":3212,"height":784,"caption":"Alternative Care Database"},"image":{"@id":"https:\/\/alternatifbakim.org\/en\/#\/schema\/logo\/image\/"},"sameAs":["https:\/\/www.facebook.com\/hayatsendeorg","https:\/\/x.com\/hayatsendeorg","https:\/\/www.instagram.com\/alternatifbakim\/","https:\/\/www.linkedin.com\/company\/hayatsende\/","https:\/\/www.youtube.com\/channel\/UCi_cwDlfS8YvxWWKFRWaAdw"]}]}},"_links":{"self":[{"href":"https:\/\/alternatifbakim.org\/en\/wp-json\/wp\/v2\/pages\/8338","targetHints":{"allow":["GET"]}}],"collection":[{"href":"https:\/\/alternatifbakim.org\/en\/wp-json\/wp\/v2\/pages"}],"about":[{"href":"https:\/\/alternatifbakim.org\/en\/wp-json\/wp\/v2\/types\/page"}],"author":[{"embeddable":true,"href":"https:\/\/alternatifbakim.org\/en\/wp-json\/wp\/v2\/users\/3"}],"replies":[{"embeddable":true,"href":"https:\/\/alternatifbakim.org\/en\/wp-json\/wp\/v2\/comments?post=8338"}],"version-history":[{"count":1,"href":"https:\/\/alternatifbakim.org\/en\/wp-json\/wp\/v2\/pages\/8338\/revisions"}],"predecessor-version":[{"id":8339,"href":"https:\/\/alternatifbakim.org\/en\/wp-json\/wp\/v2\/pages\/8338\/revisions\/8339"}],"wp:featuredmedia":[{"embeddable":true,"href":"https:\/\/alternatifbakim.org\/en\/wp-json\/wp\/v2\/media\/6948"}],"wp:attachment":[{"href":"https:\/\/alternatifbakim.org\/en\/wp-json\/wp\/v2\/media?parent=8338"}],"curies":[{"name":"wp","href":"https:\/\/api.w.org\/{rel}","templated":true}]}}