{"id":8346,"date":"2021-08-15T12:21:40","date_gmt":"2021-08-15T09:21:40","guid":{"rendered":"https:\/\/alternatifbakim.org\/data-base-homepage\/"},"modified":"2025-03-15T04:09:22","modified_gmt":"2025-03-15T01:09:22","slug":"data-base-homepage","status":"publish","type":"page","link":"https:\/\/alternatifbakim.org\/en\/data-base-homepage\/","title":{"rendered":"Data Base Homepage"},"content":{"rendered":"\t\t<div data-elementor-type=\"wp-page\" data-elementor-id=\"8346\" class=\"elementor elementor-8346 elementor-6611\" data-elementor-post-type=\"page\">\n\t\t\t\t<header class=\"elementor-element elementor-element-75434ea e-con-full e-flex e-con e-parent\" data-id=\"75434ea\" data-element_type=\"container\" data-settings=\"{&quot;background_background&quot;:&quot;classic&quot;,&quot;shape_divider_bottom&quot;:&quot;opacity-fan&quot;}\">\n\t\t\t\t<div class=\"elementor-shape elementor-shape-bottom\" data-negative=\"false\">\n\t\t\t<svg xmlns=\"http:\/\/www.w3.org\/2000\/svg\" viewBox=\"0 0 283.5 19.6\" preserveAspectRatio=\"none\">\n\t<path class=\"elementor-shape-fill\" style=\"opacity:0.33\" d=\"M0 0L0 18.8 141.8 4.1 283.5 18.8 283.5 0z\"\/>\n\t<path class=\"elementor-shape-fill\" style=\"opacity:0.33\" d=\"M0 0L0 12.6 141.8 4 283.5 12.6 283.5 0z\"\/>\n\t<path class=\"elementor-shape-fill\" style=\"opacity:0.33\" d=\"M0 0L0 6.4 141.8 4 283.5 6.4 283.5 0z\"\/>\n\t<path class=\"elementor-shape-fill\" d=\"M0 0L0 1.2 141.8 4 283.5 1.2 283.5 0z\"\/>\n<\/svg>\t\t<\/div>\n\t\t<div class=\"elementor-element elementor-element-524d7f1 e-con-full e-flex e-con e-child\" data-id=\"524d7f1\" data-element_type=\"container\">\n\t\t\t\t<\/div>\n\t\t\t\t<\/header>\n\t\t<div class=\"elementor-element elementor-element-95e6514 e-flex e-con-boxed e-con e-parent\" data-id=\"95e6514\" data-element_type=\"container\">\n\t\t\t\t\t<div class=\"e-con-inner\">\n\t\t<div class=\"elementor-element elementor-element-0232a19 e-con-full e-flex e-con e-child\" data-id=\"0232a19\" data-element_type=\"container\">\n\t\t\t\t<div class=\"elementor-element elementor-element-c425a60 elementor-widget elementor-widget-Docly_docs\" data-id=\"c425a60\" data-element_type=\"widget\" data-widget_type=\"Docly_docs.default\">\n\t\t\t\t<div class=\"elementor-widget-container\">\n\t\t\t\t\t<section class=\"h_doc_documentation_area\">\r\n    <ul class=\"nav nav-tabs documentation_tab\" id=\"myTabs\" role=\"tablist\">\r\n                        <li class=\"nav-item\">\r\n                    <a href='#doc2-descriptive-resources' aria-controls='doc-descriptive-resources' id=\"doc2-descriptive-resources-tab\" class=\"nav-link  active\" data-bs-toggle=\"tab\">\r\n                        Descriptive                    <\/a>\r\n                <\/li>\r\n                                <li class=\"nav-item\">\r\n                    <a href='#doc2-statistics' aria-controls='doc-statistics' id=\"doc2-statistics-tab\" class=\"nav-link \" data-bs-toggle=\"tab\">\r\n                        Statistics                    <\/a>\r\n                <\/li>\r\n                    <\/ul>\r\n    <div class=\"tab-content\">\r\n                    <div class=\"tab-pane documentation_tab_pane show active\" id=\"doc2-descriptive-resources\" role=\"tabpanel\" aria-labelledby=\"doc2-descriptive-resources-tab\">\r\n                <div class=\"row\">\r\n                    <div class=\"col-lg-4\">\r\n                        <div class=\"documentation_text\">\r\n\r\n                                                            <img decoding=\"async\" width=\"120\" height=\"120\" src=\"https:\/\/alternatifbakim.org\/wp-content\/uploads\/2021\/08\/dokuman-ikon-120x120-1.png\" class=\"doc-logo wp-post-image\" alt=\"Betimsel Kaynaklar\" srcset=\"https:\/\/alternatifbakim.org\/wp-content\/uploads\/2021\/08\/dokuman-ikon-120x120-1.png 120w, https:\/\/alternatifbakim.org\/wp-content\/uploads\/2021\/08\/dokuman-ikon-120x120-1-70x70.png 70w, https:\/\/alternatifbakim.org\/wp-content\/uploads\/2021\/08\/dokuman-ikon-120x120-1-16x16.png 16w, https:\/\/alternatifbakim.org\/wp-content\/uploads\/2021\/08\/dokuman-ikon-120x120-1-18x18.png 18w, https:\/\/alternatifbakim.org\/wp-content\/uploads\/2021\/08\/dokuman-ikon-120x120-1-20x20.png 20w\" sizes=\"(max-width: 120px) 100vw, 120px\" \/>                            \r\n                                                            <h4> Descriptive Resources <\/h4>\r\n                                                                                    <a href=\"https:\/\/alternatifbakim.org\/en\/docs\/descriptive-resources\/\" class=\"learn_btn\">\r\n                                T\u00fcm\u00fc <i class=\"arrow_right\"><\/i>\r\n                            <\/a>\r\n                        <\/div>\r\n                    <\/div>\r\n                    <div class=\"col-lg-8\">\r\n                        <div class=\"row\">\r\n                                                            <div class=\"col-sm-6\">\r\n                                    <div class=\"media documentation_item\">\r\n                                        <div class=\"icon\">\r\n                                            <img src='https:\/\/alternatifbakim.org\/wp-content\/plugins\/docly-core\/widgets\/docs\/images\/folder.png' alt='Reports'>                                        <\/div>\r\n                                        <div class=\"media-body\">\r\n                                            <a href=\"https:\/\/alternatifbakim.org\/en\/docs\/descriptive-resources\/reports\/\">\r\n                                                <h5> Reports <\/h5>\r\n                                            <\/a>\r\n                                            <p>\r\n                                                                                        <\/p>\r\n                                        <\/div>\r\n                                    <\/div>\r\n                                <\/div>\r\n                                                                <div class=\"col-sm-6\">\r\n                                    <div class=\"media documentation_item\">\r\n                                        <div class=\"icon\">\r\n                                            <img src='https:\/\/alternatifbakim.org\/wp-content\/plugins\/docly-core\/widgets\/docs\/images\/folder.png' alt='Academic Publications'>                                        <\/div>\r\n                                        <div class=\"media-body\">\r\n                                            <a href=\"https:\/\/alternatifbakim.org\/en\/docs\/descriptive-resources\/academic-publications\/\">\r\n                                                <h5> Academic Publications <\/h5>\r\n                                            <\/a>\r\n                                            <p>\r\n                                                                                        <\/p>\r\n                                        <\/div>\r\n                                    <\/div>\r\n                                <\/div>\r\n                                                                <div class=\"col-sm-6\">\r\n                                    <div class=\"media documentation_item\">\r\n                                        <div class=\"icon\">\r\n                                            <img src='https:\/\/alternatifbakim.org\/wp-content\/plugins\/docly-core\/widgets\/docs\/images\/folder.png' alt='Expert Opinions'>                                        <\/div>\r\n                                        <div class=\"media-body\">\r\n                                            <a href=\"https:\/\/alternatifbakim.org\/en\/docs\/descriptive-resources\/expert-opinions\/\">\r\n                                                <h5> Expert Opinions <\/h5>\r\n                                            <\/a>\r\n                                            <p>\r\n                                                                                        <\/p>\r\n                                        <\/div>\r\n                                    <\/div>\r\n                                <\/div>\r\n                                                                <div class=\"col-sm-6\">\r\n                                    <div class=\"media documentation_item\">\r\n                                        <div class=\"icon\">\r\n                                            <img src='https:\/\/alternatifbakim.org\/wp-content\/plugins\/docly-core\/widgets\/docs\/images\/folder.png' alt='Legal'>                                        <\/div>\r\n                                        <div class=\"media-body\">\r\n                                            <a href=\"https:\/\/alternatifbakim.org\/en\/docs\/descriptive-resources\/legal\/\">\r\n                                                <h5> Legal <\/h5>\r\n                                            <\/a>\r\n                                            <p>\r\n                                                                                        <\/p>\r\n                                        <\/div>\r\n                                    <\/div>\r\n                                <\/div>\r\n                                                        <\/div>\r\n                    <\/div>\r\n                <\/div>\r\n            <\/div>\r\n                        <div class=\"tab-pane documentation_tab_pane \" id=\"doc2-statistics\" role=\"tabpanel\" aria-labelledby=\"doc2-statistics-tab\">\r\n                <div class=\"row\">\r\n                    <div class=\"col-lg-4\">\r\n                        <div class=\"documentation_text\">\r\n\r\n                            \r\n                                                            <h4> Statistics <\/h4>\r\n                                                                                    <a href=\"https:\/\/alternatifbakim.org\/en\/docs\/statistics\/\" class=\"learn_btn\">\r\n                                T\u00fcm\u00fc <i class=\"arrow_right\"><\/i>\r\n                            <\/a>\r\n                        <\/div>\r\n                    <\/div>\r\n                    <div class=\"col-lg-8\">\r\n                        <div class=\"row\">\r\n                                                            <div class=\"col-sm-6\">\r\n                                    <div class=\"media documentation_item\">\r\n                                        <div class=\"icon\">\r\n                                            <img src='https:\/\/alternatifbakim.org\/wp-content\/plugins\/docly-core\/widgets\/docs\/images\/folder.png' alt='Public'>                                        <\/div>\r\n                                        <div class=\"media-body\">\r\n                                            <a href=\"https:\/\/alternatifbakim.org\/en\/docs\/statistics\/public\/\">\r\n                                                <h5> Public <\/h5>\r\n                                            <\/a>\r\n                                            <p>\r\n                                                                                        <\/p>\r\n                                        <\/div>\r\n                                    <\/div>\r\n                                <\/div>\r\n                                                                <div class=\"col-sm-6\">\r\n                                    <div class=\"media documentation_item\">\r\n                                        <div class=\"icon\">\r\n                                            <img src='https:\/\/alternatifbakim.org\/wp-content\/plugins\/docly-core\/widgets\/docs\/images\/folder.png' alt='Media'>                                        <\/div>\r\n                                        <div class=\"media-body\">\r\n                                            <a href=\"https:\/\/alternatifbakim.org\/en\/docs\/statistics\/media\/\">\r\n                                                <h5> Media <\/h5>\r\n                                            <\/a>\r\n                                            <p>\r\n                                                                                        <\/p>\r\n                                        <\/div>\r\n                                    <\/div>\r\n                                <\/div>\r\n                                                                <div class=\"col-sm-6\">\r\n                                    <div class=\"media documentation_item\">\r\n                                        <div class=\"icon\">\r\n                                            <img src='https:\/\/alternatifbakim.org\/wp-content\/plugins\/docly-core\/widgets\/docs\/images\/folder.png' alt='NGO'>                                        <\/div>\r\n                                        <div class=\"media-body\">\r\n                                            <a href=\"https:\/\/alternatifbakim.org\/en\/docs\/statistics\/ngo\/\">\r\n                                                <h5> NGO <\/h5>\r\n                                            <\/a>\r\n                                            <p>\r\n                                                                                        <\/p>\r\n                                        <\/div>\r\n                                    <\/div>\r\n                                <\/div>\r\n                                                        <\/div>\r\n                    <\/div>\r\n                <\/div>\r\n            <\/div>\r\n                    <\/div>\r\n<\/section>\t\t\t\t<\/div>\n\t\t\t\t<\/div>\n\t\t\t\t<\/div>\n\t\t\t\t\t<\/div>\n\t\t\t\t<\/div>\n\t\t<div class=\"elementor-element elementor-element-597240b e-con-full e-flex e-con e-parent\" data-id=\"597240b\" data-element_type=\"container\">\n\t\t<div class=\"elementor-element elementor-element-d4981d5 e-con-full e-flex e-con e-child\" data-id=\"d4981d5\" data-element_type=\"container\">\n\t\t\t\t<div class=\"elementor-element elementor-element-34706d7 elementor-widget elementor-widget-docly_hero\" data-id=\"34706d7\" data-element_type=\"widget\" data-widget_type=\"docly_hero.default\">\n\t\t\t\t<div class=\"elementor-widget-container\">\n\t\t\t\t\t<section class=\"doc_banner_area_two\">\r\n\r\n    \r\n    \r\n    <div class=\"b_round r_one\" data-parallax='{\"x\": 0, \"y\": 100, \"rotateZ\":0}'><\/div>\r\n    <div class=\"b_round r_two\" data-parallax='{\"x\": -10, \"y\": 80, \"rotateY\":0}'><\/div>\r\n    <div class=\"b_round r_three\"><\/div>\r\n    <div class=\"b_round r_four\"><\/div>\r\n\r\n    \r\n    <div class=\"container\">\r\n        <div class=\"doc_banner_text_two text-center\">\r\n                            <h2>Alternatif Bak\u0131m Veri Taban\u0131nda Aray\u0131n...<\/h2>\r\n            \r\n            \r\n            <form action=\"https:\/\/alternatifbakim.org\/en\/\" role=\"search\" method=\"get\" class=\"banner_search_form focused-form\">\r\n                <div class=\"input-group\">\r\n                    <input type=\"search\" class=\"form-control\" name=\"s\" id=\"searchInput\" placeholder=\"Anahtar kelime yaz\u0131n...\">\r\n                    \r\n                    <input type=\"hidden\" name=\"post_type[]\" value=\"docs\" \/>\r\n                    <input type=\"hidden\" name=\"post_type[]\" value=\"faq\" \/>\r\n                    \r\n                    <div class=\"input-group-append\">\r\n                        <button type=\"submit\" class=\"search_btn\"> Ara <\/button>\r\n                    <\/div>\r\n                <\/div>\r\n                <div id=\"docly-search-result\" data-noresult=\"No Results Found\"><\/div>\r\n\t                        <\/form>\r\n        <\/div>\r\n    <\/div>\r\n<\/section>\t\t\t\t<\/div>\n\t\t\t\t<\/div>\n\t\t\t\t<\/div>\n\t\t\t\t<\/div>\n\t\t\t\t<\/div>\n\t\t","protected":false},"excerpt":{"rendered":"<p>Betimsel \u0130statistikler Betimsel Kaynaklar T\u00fcm\u00fc Raporlar Akademik Yay\u0131nlar Uzman G\u00f6r\u00fc\u015fleri Hukuk \u0130statistikler T\u00fcm\u00fc Kamu Medya STK Alternatif Bak\u0131m Veri Taban\u0131nda Aray\u0131n&#8230; Ara<\/p>\n","protected":false},"author":3,"featured_media":6948,"parent":0,"menu_order":0,"comment_status":"closed","ping_status":"closed","template":"elementor_header_footer","meta":{"_acf_changed":false,"footnotes":""},"class_list":["post-8346","page","type-page","status-publish","has-post-thumbnail","hentry"],"acf":[],"yoast_head":"<!-- This site is optimized with the Yoast SEO plugin v24.7 - https:\/\/yoast.com\/wordpress\/plugins\/seo\/ -->\n<title>Data Base Homepage - Alternatif Bak\u0131m Veritaban\u0131<\/title>\n<meta name=\"description\" content=\"Search reports, regulations, statistics and other resources... The child who grows up under the protection of the state, the foster family...\" \/>\n<meta name=\"robots\" content=\"index, follow, max-snippet:-1, max-image-preview:large, max-video-preview:-1\" \/>\n<link rel=\"canonical\" href=\"https:\/\/alternatifbakim.org\/en\/data-base-homepage\/\" \/>\n<meta property=\"og:locale\" content=\"en_US\" \/>\n<meta property=\"og:type\" content=\"article\" \/>\n<meta property=\"og:title\" content=\"Data Base Homepage - Alternatif Bak\u0131m Veritaban\u0131\" \/>\n<meta property=\"og:description\" content=\"Search reports, regulations, statistics and other resources... The child who grows up under the protection of the state, the foster family...\" \/>\n<meta property=\"og:url\" content=\"https:\/\/alternatifbakim.org\/en\/data-base-homepage\/\" \/>\n<meta property=\"og:site_name\" content=\"Alternatif Bak\u0131m Veritaban\u0131\" \/>\n<meta property=\"article:publisher\" content=\"https:\/\/www.facebook.com\/hayatsendeorg\" \/>\n<meta property=\"article:modified_time\" content=\"2025-03-15T01:09:22+00:00\" \/>\n<meta property=\"og:image\" content=\"https:\/\/alternatifbakim.org\/wp-content\/uploads\/2021\/07\/alternatif-bakim-Favicon-512x512-1.png\" \/>\n\t<meta property=\"og:image:width\" content=\"512\" \/>\n\t<meta property=\"og:image:height\" content=\"512\" \/>\n\t<meta property=\"og:image:type\" content=\"image\/png\" \/>\n<meta name=\"twitter:card\" content=\"summary_large_image\" \/>\n<meta name=\"twitter:site\" content=\"@hayatsendeorg\" \/>\n<script type=\"application\/ld+json\" class=\"yoast-schema-graph\">{\"@context\":\"https:\/\/schema.org\",\"@graph\":[{\"@type\":\"WebPage\",\"@id\":\"https:\/\/alternatifbakim.org\/en\/data-base-homepage\/\",\"url\":\"https:\/\/alternatifbakim.org\/en\/data-base-homepage\/\",\"name\":\"Data Base Homepage - Alternatif Bak\u0131m Veritaban\u0131\",\"isPartOf\":{\"@id\":\"https:\/\/alternatifbakim.org\/en\/#website\"},\"primaryImageOfPage\":{\"@id\":\"https:\/\/alternatifbakim.org\/en\/data-base-homepage\/#primaryimage\"},\"image\":{\"@id\":\"https:\/\/alternatifbakim.org\/en\/data-base-homepage\/#primaryimage\"},\"thumbnailUrl\":\"https:\/\/alternatifbakim.org\/wp-content\/uploads\/2021\/07\/alternatif-bakim-Favicon-512x512-1.png\",\"datePublished\":\"2021-08-15T09:21:40+00:00\",\"dateModified\":\"2025-03-15T01:09:22+00:00\",\"description\":\"Search reports, regulations, statistics and other resources... The child who grows up under the protection of the state, the foster family...\",\"breadcrumb\":{\"@id\":\"https:\/\/alternatifbakim.org\/en\/data-base-homepage\/#breadcrumb\"},\"inLanguage\":\"en-US\",\"potentialAction\":[{\"@type\":\"ReadAction\",\"target\":[\"https:\/\/alternatifbakim.org\/en\/data-base-homepage\/\"]}]},{\"@type\":\"ImageObject\",\"inLanguage\":\"en-US\",\"@id\":\"https:\/\/alternatifbakim.org\/en\/data-base-homepage\/#primaryimage\",\"url\":\"https:\/\/alternatifbakim.org\/wp-content\/uploads\/2021\/07\/alternatif-bakim-Favicon-512x512-1.png\",\"contentUrl\":\"https:\/\/alternatifbakim.org\/wp-content\/uploads\/2021\/07\/alternatif-bakim-Favicon-512x512-1.png\",\"width\":512,\"height\":512,\"caption\":\"Alternatif Bak\u0131m Logo\"},{\"@type\":\"BreadcrumbList\",\"@id\":\"https:\/\/alternatifbakim.org\/en\/data-base-homepage\/#breadcrumb\",\"itemListElement\":[{\"@type\":\"ListItem\",\"position\":1,\"name\":\"Homepage\",\"item\":\"https:\/\/alternatifbakim.org\/en\/\"},{\"@type\":\"ListItem\",\"position\":2,\"name\":\"Data Base Homepage\"}]},{\"@type\":\"WebSite\",\"@id\":\"https:\/\/alternatifbakim.org\/en\/#website\",\"url\":\"https:\/\/alternatifbakim.org\/en\/\",\"name\":\"Alternatif Bak\u0131m Veritaban\u0131\",\"description\":\"\u00c7ocuk Veritaban\u0131\",\"publisher\":{\"@id\":\"https:\/\/alternatifbakim.org\/en\/#organization\"},\"potentialAction\":[{\"@type\":\"SearchAction\",\"target\":{\"@type\":\"EntryPoint\",\"urlTemplate\":\"https:\/\/alternatifbakim.org\/en\/?s={search_term_string}\"},\"query-input\":{\"@type\":\"PropertyValueSpecification\",\"valueRequired\":true,\"valueName\":\"search_term_string\"}}],\"inLanguage\":\"en-US\"},{\"@type\":\"Organization\",\"@id\":\"https:\/\/alternatifbakim.org\/en\/#organization\",\"name\":\"Alternative Care Database\",\"url\":\"https:\/\/alternatifbakim.org\/en\/\",\"logo\":{\"@type\":\"ImageObject\",\"inLanguage\":\"en-US\",\"@id\":\"https:\/\/alternatifbakim.org\/en\/#\/schema\/logo\/image\/\",\"url\":\"https:\/\/alternatifbakim.org\/wp-content\/uploads\/2021\/08\/alternatifbakim-logo.png\",\"contentUrl\":\"https:\/\/alternatifbakim.org\/wp-content\/uploads\/2021\/08\/alternatifbakim-logo.png\",\"width\":3212,\"height\":784,\"caption\":\"Alternative Care Database\"},\"image\":{\"@id\":\"https:\/\/alternatifbakim.org\/en\/#\/schema\/logo\/image\/\"},\"sameAs\":[\"https:\/\/www.facebook.com\/hayatsendeorg\",\"https:\/\/x.com\/hayatsendeorg\",\"https:\/\/www.instagram.com\/alternatifbakim\/\",\"https:\/\/www.linkedin.com\/company\/hayatsende\/\",\"https:\/\/www.youtube.com\/channel\/UCi_cwDlfS8YvxWWKFRWaAdw\"]}]}<\/script>\n<!-- \/ Yoast SEO plugin. -->","yoast_head_json":{"title":"Data Base Homepage - Alternatif Bak\u0131m Veritaban\u0131","description":"Search reports, regulations, statistics and other resources... The child who grows up under the protection of the state, the foster family...","robots":{"index":"index","follow":"follow","max-snippet":"max-snippet:-1","max-image-preview":"max-image-preview:large","max-video-preview":"max-video-preview:-1"},"canonical":"https:\/\/alternatifbakim.org\/en\/data-base-homepage\/","og_locale":"en_US","og_type":"article","og_title":"Data Base Homepage - Alternatif Bak\u0131m Veritaban\u0131","og_description":"Search reports, regulations, statistics and other resources... The child who grows up under the protection of the state, the foster family...","og_url":"https:\/\/alternatifbakim.org\/en\/data-base-homepage\/","og_site_name":"Alternatif Bak\u0131m Veritaban\u0131","article_publisher":"https:\/\/www.facebook.com\/hayatsendeorg","article_modified_time":"2025-03-15T01:09:22+00:00","og_image":[{"width":512,"height":512,"url":"https:\/\/alternatifbakim.org\/wp-content\/uploads\/2021\/07\/alternatif-bakim-Favicon-512x512-1.png","type":"image\/png"}],"twitter_card":"summary_large_image","twitter_site":"@hayatsendeorg","schema":{"@context":"https:\/\/schema.org","@graph":[{"@type":"WebPage","@id":"https:\/\/alternatifbakim.org\/en\/data-base-homepage\/","url":"https:\/\/alternatifbakim.org\/en\/data-base-homepage\/","name":"Data Base Homepage - Alternatif Bak\u0131m Veritaban\u0131","isPartOf":{"@id":"https:\/\/alternatifbakim.org\/en\/#website"},"primaryImageOfPage":{"@id":"https:\/\/alternatifbakim.org\/en\/data-base-homepage\/#primaryimage"},"image":{"@id":"https:\/\/alternatifbakim.org\/en\/data-base-homepage\/#primaryimage"},"thumbnailUrl":"https:\/\/alternatifbakim.org\/wp-content\/uploads\/2021\/07\/alternatif-bakim-Favicon-512x512-1.png","datePublished":"2021-08-15T09:21:40+00:00","dateModified":"2025-03-15T01:09:22+00:00","description":"Search reports, regulations, statistics and other resources... The child who grows up under the protection of the state, the foster family...","breadcrumb":{"@id":"https:\/\/alternatifbakim.org\/en\/data-base-homepage\/#breadcrumb"},"inLanguage":"en-US","potentialAction":[{"@type":"ReadAction","target":["https:\/\/alternatifbakim.org\/en\/data-base-homepage\/"]}]},{"@type":"ImageObject","inLanguage":"en-US","@id":"https:\/\/alternatifbakim.org\/en\/data-base-homepage\/#primaryimage","url":"https:\/\/alternatifbakim.org\/wp-content\/uploads\/2021\/07\/alternatif-bakim-Favicon-512x512-1.png","contentUrl":"https:\/\/alternatifbakim.org\/wp-content\/uploads\/2021\/07\/alternatif-bakim-Favicon-512x512-1.png","width":512,"height":512,"caption":"Alternatif Bak\u0131m Logo"},{"@type":"BreadcrumbList","@id":"https:\/\/alternatifbakim.org\/en\/data-base-homepage\/#breadcrumb","itemListElement":[{"@type":"ListItem","position":1,"name":"Homepage","item":"https:\/\/alternatifbakim.org\/en\/"},{"@type":"ListItem","position":2,"name":"Data Base Homepage"}]},{"@type":"WebSite","@id":"https:\/\/alternatifbakim.org\/en\/#website","url":"https:\/\/alternatifbakim.org\/en\/","name":"Alternatif Bak\u0131m Veritaban\u0131","description":"\u00c7ocuk Veritaban\u0131","publisher":{"@id":"https:\/\/alternatifbakim.org\/en\/#organization"},"potentialAction":[{"@type":"SearchAction","target":{"@type":"EntryPoint","urlTemplate":"https:\/\/alternatifbakim.org\/en\/?s={search_term_string}"},"query-input":{"@type":"PropertyValueSpecification","valueRequired":true,"valueName":"search_term_string"}}],"inLanguage":"en-US"},{"@type":"Organization","@id":"https:\/\/alternatifbakim.org\/en\/#organization","name":"Alternative Care Database","url":"https:\/\/alternatifbakim.org\/en\/","logo":{"@type":"ImageObject","inLanguage":"en-US","@id":"https:\/\/alternatifbakim.org\/en\/#\/schema\/logo\/image\/","url":"https:\/\/alternatifbakim.org\/wp-content\/uploads\/2021\/08\/alternatifbakim-logo.png","contentUrl":"https:\/\/alternatifbakim.org\/wp-content\/uploads\/2021\/08\/alternatifbakim-logo.png","width":3212,"height":784,"caption":"Alternative Care Database"},"image":{"@id":"https:\/\/alternatifbakim.org\/en\/#\/schema\/logo\/image\/"},"sameAs":["https:\/\/www.facebook.com\/hayatsendeorg","https:\/\/x.com\/hayatsendeorg","https:\/\/www.instagram.com\/alternatifbakim\/","https:\/\/www.linkedin.com\/company\/hayatsende\/","https:\/\/www.youtube.com\/channel\/UCi_cwDlfS8YvxWWKFRWaAdw"]}]}},"_links":{"self":[{"href":"https:\/\/alternatifbakim.org\/en\/wp-json\/wp\/v2\/pages\/8346","targetHints":{"allow":["GET"]}}],"collection":[{"href":"https:\/\/alternatifbakim.org\/en\/wp-json\/wp\/v2\/pages"}],"about":[{"href":"https:\/\/alternatifbakim.org\/en\/wp-json\/wp\/v2\/types\/page"}],"author":[{"embeddable":true,"href":"https:\/\/alternatifbakim.org\/en\/wp-json\/wp\/v2\/users\/3"}],"replies":[{"embeddable":true,"href":"https:\/\/alternatifbakim.org\/en\/wp-json\/wp\/v2\/comments?post=8346"}],"version-history":[{"count":2,"href":"https:\/\/alternatifbakim.org\/en\/wp-json\/wp\/v2\/pages\/8346\/revisions"}],"predecessor-version":[{"id":8348,"href":"https:\/\/alternatifbakim.org\/en\/wp-json\/wp\/v2\/pages\/8346\/revisions\/8348"}],"wp:featuredmedia":[{"embeddable":true,"href":"https:\/\/alternatifbakim.org\/en\/wp-json\/wp\/v2\/media\/6948"}],"wp:attachment":[{"href":"https:\/\/alternatifbakim.org\/en\/wp-json\/wp\/v2\/media?parent=8346"}],"curies":[{"name":"wp","href":"https:\/\/api.w.org\/{rel}","templated":true}]}}