{"id":8351,"date":"2021-07-29T00:10:42","date_gmt":"2021-07-28T21:10:42","guid":{"rendered":"https:\/\/alternatifbakim.org\/privacy-policy-clarification-text\/"},"modified":"2025-03-15T04:44:09","modified_gmt":"2025-03-15T01:44:09","slug":"privacy-policy-clarification-text","status":"publish","type":"page","link":"https:\/\/alternatifbakim.org\/en\/privacy-policy-clarification-text\/","title":{"rendered":"Privacy Policy &amp; Clarification Text"},"content":{"rendered":"\t\t<div data-elementor-type=\"wp-page\" data-elementor-id=\"8351\" class=\"elementor elementor-8351 elementor-3\" data-elementor-post-type=\"page\">\n\t\t\t\t<header class=\"elementor-element elementor-element-e832647 e-con-full e-flex e-con e-parent\" data-id=\"e832647\" data-element_type=\"container\" data-settings=\"{&quot;background_background&quot;:&quot;classic&quot;,&quot;shape_divider_bottom&quot;:&quot;opacity-fan&quot;}\">\n\t\t\t\t<div class=\"elementor-shape elementor-shape-bottom\" data-negative=\"false\">\n\t\t\t<svg xmlns=\"http:\/\/www.w3.org\/2000\/svg\" viewBox=\"0 0 283.5 19.6\" preserveAspectRatio=\"none\">\n\t<path class=\"elementor-shape-fill\" style=\"opacity:0.33\" d=\"M0 0L0 18.8 141.8 4.1 283.5 18.8 283.5 0z\"\/>\n\t<path class=\"elementor-shape-fill\" style=\"opacity:0.33\" d=\"M0 0L0 12.6 141.8 4 283.5 12.6 283.5 0z\"\/>\n\t<path class=\"elementor-shape-fill\" style=\"opacity:0.33\" d=\"M0 0L0 6.4 141.8 4 283.5 6.4 283.5 0z\"\/>\n\t<path class=\"elementor-shape-fill\" d=\"M0 0L0 1.2 141.8 4 283.5 1.2 283.5 0z\"\/>\n<\/svg>\t\t<\/div>\n\t\t<div class=\"elementor-element elementor-element-186548c e-con-full e-flex e-con e-child\" data-id=\"186548c\" data-element_type=\"container\">\n\t\t\t\t<\/div>\n\t\t\t\t<\/header>\n\t\t<div class=\"elementor-element elementor-element-85e0434 e-flex e-con-boxed e-con e-parent\" data-id=\"85e0434\" data-element_type=\"container\">\n\t\t\t\t\t<div class=\"e-con-inner\">\n\t\t\t\t<div class=\"elementor-element elementor-element-b3f33c5 elementor-widget elementor-widget-heading\" data-id=\"b3f33c5\" data-element_type=\"widget\" data-widget_type=\"heading.default\">\n\t\t\t\t<div class=\"elementor-widget-container\">\n\t\t\t\t\t<h2 class=\"elementor-heading-title elementor-size-default\">COMMERCIAL COMMUNICATION AND COMMERCIAL ELECTRONIC CONTACT APPROVAL FORM<\/h2>\t\t\t\t<\/div>\n\t\t\t\t<\/div>\n\t\t\t\t<div class=\"elementor-element elementor-element-48fb73c elementor-widget elementor-widget-text-editor\" data-id=\"48fb73c\" data-element_type=\"widget\" data-widget_type=\"text-editor.default\">\n\t\t\t\t<div class=\"elementor-widget-container\">\n\t\t\t\t\t\t\t\t\t<p>By approving this form, I agree to receive all kinds of commercial electronic messages containing data, audio and visual content sent for commercial purposes and all promotional, campaign and informative messages sent electronically by HAYAT SENDE YOUTH ACADEMY ASSOCIATION (\u201cHAYAT SENDE\u201d) or through an intermediary firm using means such as telephone, call centers, fax, automatic dialing machines, smart voice recorder systems, electronic mail, short message service, etc. regarding the activities, notifications and celebrations of the association, which are also stated on the website <a href=\"https:\/\/www.hayatsende.org\" target=\"_blank\" rel=\"noopener\">www.hayatsende.org<\/a> within the scope of the Law No. 6563 on the Regulation of Electronic Commerce and the Regulation on Commercial Communication and Commercial Electronic Messages published in the Official Gazette No. 29417 dated July 15, 2015, and to be contacted by these means of communication, to have the information I have shared in this context stored and used by HAYAT SENDE, and to have the content of the commercial electronic message and other records related to the message recorded to be submitted to the Ministry of Customs and Trade when necessary. I consent to its storage.<\/p><p>EXPLANATION ON THE PROTECTION OF PERSONAL DATA in this COMMERCIAL COMMUNICATION AND COMMERCIAL ELECTRONIC MESSAGE APPROVAL FORM <a href=\"https:\/\/www.hayatsende.org\/kvkk-aydinlatma-metni\/\" target=\"_blank\" rel=\"noopener\">https:\/\/www.hayatsende.org\/kvkk-aydinlatma-metni\/<\/a> and <a href=\"https:\/\/www.hayatsende.org\/gizlilik-ve-cerez-politikasi\/\" target=\"_blank\" rel=\"noopener\">https:\/\/www.hayatsende.org\/gizlilik-ve-cerez-politikasi\/<\/a> AND it is an integral part of the PRIVACY POLICY.<\/p><p><strong>You can access the Detailed <a href=\"https:\/\/www.hayatsende.org\/kvkk-aydinlatma-metni\/\" target=\"_blank\" rel=\"noopener\">Clarification Text by clicking here<\/a> and the <a href=\"https:\/\/www.hayatsende.org\/gizlilik-ve-cerez-politikasi\/\" target=\"_blank\" rel=\"noopener\">Privacy &amp; Cookie Policy by clicking here<\/a>.<\/strong><\/p>\t\t\t\t\t\t\t\t<\/div>\n\t\t\t\t<\/div>\n\t\t\t\t\t<\/div>\n\t\t\t\t<\/div>\n\t\t<div class=\"elementor-element elementor-element-84ed1a2 e-flex e-con-boxed e-con e-parent\" data-id=\"84ed1a2\" data-element_type=\"container\">\n\t\t\t\t\t<div class=\"e-con-inner\">\n\t\t\t\t<div class=\"elementor-element elementor-element-7502a98 elementor-align-center elementor-widget elementor-widget-button\" data-id=\"7502a98\" data-element_type=\"widget\" data-widget_type=\"button.default\">\n\t\t\t\t<div class=\"elementor-widget-container\">\n\t\t\t\t\t\t\t\t\t<div class=\"elementor-button-wrapper\">\n\t\t\t\t\t<a class=\"elementor-button elementor-button-link elementor-size-md\" href=\"https:\/\/alternatifbakim.org\/en\/about-us\/\">\n\t\t\t\t\t\t<span class=\"elementor-button-content-wrapper\">\n\t\t\t\t\t\t\t\t\t<span class=\"elementor-button-text\">About Us<\/span>\n\t\t\t\t\t<\/span>\n\t\t\t\t\t<\/a>\n\t\t\t\t<\/div>\n\t\t\t\t\t\t\t\t<\/div>\n\t\t\t\t<\/div>\n\t\t\t\t<div class=\"elementor-element elementor-element-836002e elementor-align-center elementor-widget elementor-widget-button\" data-id=\"836002e\" data-element_type=\"widget\" data-widget_type=\"button.default\">\n\t\t\t\t<div class=\"elementor-widget-container\">\n\t\t\t\t\t\t\t\t\t<div class=\"elementor-button-wrapper\">\n\t\t\t\t\t<a class=\"elementor-button elementor-button-link elementor-size-md\" href=\"https:\/\/alternatifbakim.org\/en\/data-base-homepage\/\">\n\t\t\t\t\t\t<span class=\"elementor-button-content-wrapper\">\n\t\t\t\t\t\t\t\t\t<span class=\"elementor-button-text\">Database<\/span>\n\t\t\t\t\t<\/span>\n\t\t\t\t\t<\/a>\n\t\t\t\t<\/div>\n\t\t\t\t\t\t\t\t<\/div>\n\t\t\t\t<\/div>\n\t\t\t\t\t<\/div>\n\t\t\t\t<\/div>\n\t\t\t\t<\/div>\n\t\t","protected":false},"excerpt":{"rendered":"<p>COMMERCIAL COMMUNICATION AND COMMERCIAL ELECTRONIC CONTACT APPROVAL FORM By approving this form, I agree to receive all kinds of commercial electronic messages containing data, audio and visual content sent for commercial purposes and all promotional, campaign and informative messages sent electronically by HAYAT SENDE YOUTH ACADEMY ASSOCIATION (\u201cHAYAT SENDE\u201d) or through an intermediary firm using [&hellip;]<\/p>\n","protected":false},"author":3,"featured_media":6948,"parent":0,"menu_order":0,"comment_status":"closed","ping_status":"open","template":"elementor_header_footer","meta":{"_acf_changed":false,"footnotes":""},"class_list":["post-8351","page","type-page","status-publish","has-post-thumbnail","hentry"],"acf":[],"yoast_head":"<!-- This site is optimized with the Yoast SEO plugin v24.7 - https:\/\/yoast.com\/wordpress\/plugins\/seo\/ -->\n<title>Privacy Policy &amp; Clarification Text - Alternatif Bak\u0131m Veritaban\u0131<\/title>\n<meta name=\"description\" content=\"You can access the Alternative Care Privacy and Cookie Policy here.\" \/>\n<meta name=\"robots\" content=\"noindex, follow\" \/>\n<meta property=\"og:locale\" content=\"en_US\" \/>\n<meta property=\"og:type\" content=\"article\" \/>\n<meta property=\"og:title\" content=\"Privacy Policy &amp; Clarification Text - Alternatif Bak\u0131m Veritaban\u0131\" \/>\n<meta property=\"og:description\" content=\"You can access the Alternative Care Privacy and Cookie Policy here.\" \/>\n<meta property=\"og:url\" content=\"https:\/\/alternatifbakim.org\/en\/privacy-policy-clarification-text\/\" \/>\n<meta property=\"og:site_name\" content=\"Alternatif Bak\u0131m Veritaban\u0131\" \/>\n<meta property=\"article:publisher\" content=\"https:\/\/www.facebook.com\/hayatsendeorg\" \/>\n<meta property=\"article:modified_time\" content=\"2025-03-15T01:44:09+00:00\" \/>\n<meta property=\"og:image\" content=\"https:\/\/alternatifbakim.org\/wp-content\/uploads\/2021\/07\/alternatif-bakim-Favicon-512x512-1.png\" \/>\n\t<meta property=\"og:image:width\" content=\"512\" \/>\n\t<meta property=\"og:image:height\" content=\"512\" \/>\n\t<meta property=\"og:image:type\" content=\"image\/png\" \/>\n<meta name=\"twitter:card\" content=\"summary_large_image\" \/>\n<meta name=\"twitter:site\" content=\"@hayatsendeorg\" \/>\n<meta name=\"twitter:label1\" content=\"Est. reading time\" \/>\n\t<meta name=\"twitter:data1\" content=\"1 minute\" \/>\n<script type=\"application\/ld+json\" class=\"yoast-schema-graph\">{\"@context\":\"https:\/\/schema.org\",\"@graph\":[{\"@type\":\"WebPage\",\"@id\":\"https:\/\/alternatifbakim.org\/en\/privacy-policy-clarification-text\/\",\"url\":\"https:\/\/alternatifbakim.org\/en\/privacy-policy-clarification-text\/\",\"name\":\"Privacy Policy &amp; Clarification Text - Alternatif Bak\u0131m Veritaban\u0131\",\"isPartOf\":{\"@id\":\"https:\/\/alternatifbakim.org\/en\/#website\"},\"primaryImageOfPage\":{\"@id\":\"https:\/\/alternatifbakim.org\/en\/privacy-policy-clarification-text\/#primaryimage\"},\"image\":{\"@id\":\"https:\/\/alternatifbakim.org\/en\/privacy-policy-clarification-text\/#primaryimage\"},\"thumbnailUrl\":\"https:\/\/alternatifbakim.org\/wp-content\/uploads\/2021\/07\/alternatif-bakim-Favicon-512x512-1.png\",\"datePublished\":\"2021-07-28T21:10:42+00:00\",\"dateModified\":\"2025-03-15T01:44:09+00:00\",\"description\":\"You can access the Alternative Care Privacy and Cookie Policy here.\",\"breadcrumb\":{\"@id\":\"https:\/\/alternatifbakim.org\/en\/privacy-policy-clarification-text\/#breadcrumb\"},\"inLanguage\":\"en-US\",\"potentialAction\":[{\"@type\":\"ReadAction\",\"target\":[\"https:\/\/alternatifbakim.org\/en\/privacy-policy-clarification-text\/\"]}]},{\"@type\":\"ImageObject\",\"inLanguage\":\"en-US\",\"@id\":\"https:\/\/alternatifbakim.org\/en\/privacy-policy-clarification-text\/#primaryimage\",\"url\":\"https:\/\/alternatifbakim.org\/wp-content\/uploads\/2021\/07\/alternatif-bakim-Favicon-512x512-1.png\",\"contentUrl\":\"https:\/\/alternatifbakim.org\/wp-content\/uploads\/2021\/07\/alternatif-bakim-Favicon-512x512-1.png\",\"width\":512,\"height\":512,\"caption\":\"Alternatif Bak\u0131m Logo\"},{\"@type\":\"BreadcrumbList\",\"@id\":\"https:\/\/alternatifbakim.org\/en\/privacy-policy-clarification-text\/#breadcrumb\",\"itemListElement\":[{\"@type\":\"ListItem\",\"position\":1,\"name\":\"Homepage\",\"item\":\"https:\/\/alternatifbakim.org\/en\/\"},{\"@type\":\"ListItem\",\"position\":2,\"name\":\"Privacy Policy &amp; Clarification Text\"}]},{\"@type\":\"WebSite\",\"@id\":\"https:\/\/alternatifbakim.org\/en\/#website\",\"url\":\"https:\/\/alternatifbakim.org\/en\/\",\"name\":\"Alternatif Bak\u0131m Veritaban\u0131\",\"description\":\"\u00c7ocuk Veritaban\u0131\",\"publisher\":{\"@id\":\"https:\/\/alternatifbakim.org\/en\/#organization\"},\"potentialAction\":[{\"@type\":\"SearchAction\",\"target\":{\"@type\":\"EntryPoint\",\"urlTemplate\":\"https:\/\/alternatifbakim.org\/en\/?s={search_term_string}\"},\"query-input\":{\"@type\":\"PropertyValueSpecification\",\"valueRequired\":true,\"valueName\":\"search_term_string\"}}],\"inLanguage\":\"en-US\"},{\"@type\":\"Organization\",\"@id\":\"https:\/\/alternatifbakim.org\/en\/#organization\",\"name\":\"Alternative Care Database\",\"url\":\"https:\/\/alternatifbakim.org\/en\/\",\"logo\":{\"@type\":\"ImageObject\",\"inLanguage\":\"en-US\",\"@id\":\"https:\/\/alternatifbakim.org\/en\/#\/schema\/logo\/image\/\",\"url\":\"https:\/\/alternatifbakim.org\/wp-content\/uploads\/2021\/08\/alternatifbakim-logo.png\",\"contentUrl\":\"https:\/\/alternatifbakim.org\/wp-content\/uploads\/2021\/08\/alternatifbakim-logo.png\",\"width\":3212,\"height\":784,\"caption\":\"Alternative Care Database\"},\"image\":{\"@id\":\"https:\/\/alternatifbakim.org\/en\/#\/schema\/logo\/image\/\"},\"sameAs\":[\"https:\/\/www.facebook.com\/hayatsendeorg\",\"https:\/\/x.com\/hayatsendeorg\",\"https:\/\/www.instagram.com\/alternatifbakim\/\",\"https:\/\/www.linkedin.com\/company\/hayatsende\/\",\"https:\/\/www.youtube.com\/channel\/UCi_cwDlfS8YvxWWKFRWaAdw\"]}]}<\/script>\n<!-- \/ Yoast SEO plugin. -->","yoast_head_json":{"title":"Privacy Policy &amp; Clarification Text - Alternatif Bak\u0131m Veritaban\u0131","description":"You can access the Alternative Care Privacy and Cookie Policy here.","robots":{"index":"noindex","follow":"follow"},"og_locale":"en_US","og_type":"article","og_title":"Privacy Policy &amp; Clarification Text - Alternatif Bak\u0131m Veritaban\u0131","og_description":"You can access the Alternative Care Privacy and Cookie Policy here.","og_url":"https:\/\/alternatifbakim.org\/en\/privacy-policy-clarification-text\/","og_site_name":"Alternatif Bak\u0131m Veritaban\u0131","article_publisher":"https:\/\/www.facebook.com\/hayatsendeorg","article_modified_time":"2025-03-15T01:44:09+00:00","og_image":[{"width":512,"height":512,"url":"https:\/\/alternatifbakim.org\/wp-content\/uploads\/2021\/07\/alternatif-bakim-Favicon-512x512-1.png","type":"image\/png"}],"twitter_card":"summary_large_image","twitter_site":"@hayatsendeorg","twitter_misc":{"Est. reading time":"1 minute"},"schema":{"@context":"https:\/\/schema.org","@graph":[{"@type":"WebPage","@id":"https:\/\/alternatifbakim.org\/en\/privacy-policy-clarification-text\/","url":"https:\/\/alternatifbakim.org\/en\/privacy-policy-clarification-text\/","name":"Privacy Policy &amp; Clarification Text - Alternatif Bak\u0131m Veritaban\u0131","isPartOf":{"@id":"https:\/\/alternatifbakim.org\/en\/#website"},"primaryImageOfPage":{"@id":"https:\/\/alternatifbakim.org\/en\/privacy-policy-clarification-text\/#primaryimage"},"image":{"@id":"https:\/\/alternatifbakim.org\/en\/privacy-policy-clarification-text\/#primaryimage"},"thumbnailUrl":"https:\/\/alternatifbakim.org\/wp-content\/uploads\/2021\/07\/alternatif-bakim-Favicon-512x512-1.png","datePublished":"2021-07-28T21:10:42+00:00","dateModified":"2025-03-15T01:44:09+00:00","description":"You can access the Alternative Care Privacy and Cookie Policy here.","breadcrumb":{"@id":"https:\/\/alternatifbakim.org\/en\/privacy-policy-clarification-text\/#breadcrumb"},"inLanguage":"en-US","potentialAction":[{"@type":"ReadAction","target":["https:\/\/alternatifbakim.org\/en\/privacy-policy-clarification-text\/"]}]},{"@type":"ImageObject","inLanguage":"en-US","@id":"https:\/\/alternatifbakim.org\/en\/privacy-policy-clarification-text\/#primaryimage","url":"https:\/\/alternatifbakim.org\/wp-content\/uploads\/2021\/07\/alternatif-bakim-Favicon-512x512-1.png","contentUrl":"https:\/\/alternatifbakim.org\/wp-content\/uploads\/2021\/07\/alternatif-bakim-Favicon-512x512-1.png","width":512,"height":512,"caption":"Alternatif Bak\u0131m Logo"},{"@type":"BreadcrumbList","@id":"https:\/\/alternatifbakim.org\/en\/privacy-policy-clarification-text\/#breadcrumb","itemListElement":[{"@type":"ListItem","position":1,"name":"Homepage","item":"https:\/\/alternatifbakim.org\/en\/"},{"@type":"ListItem","position":2,"name":"Privacy Policy &amp; Clarification Text"}]},{"@type":"WebSite","@id":"https:\/\/alternatifbakim.org\/en\/#website","url":"https:\/\/alternatifbakim.org\/en\/","name":"Alternatif Bak\u0131m Veritaban\u0131","description":"\u00c7ocuk Veritaban\u0131","publisher":{"@id":"https:\/\/alternatifbakim.org\/en\/#organization"},"potentialAction":[{"@type":"SearchAction","target":{"@type":"EntryPoint","urlTemplate":"https:\/\/alternatifbakim.org\/en\/?s={search_term_string}"},"query-input":{"@type":"PropertyValueSpecification","valueRequired":true,"valueName":"search_term_string"}}],"inLanguage":"en-US"},{"@type":"Organization","@id":"https:\/\/alternatifbakim.org\/en\/#organization","name":"Alternative Care Database","url":"https:\/\/alternatifbakim.org\/en\/","logo":{"@type":"ImageObject","inLanguage":"en-US","@id":"https:\/\/alternatifbakim.org\/en\/#\/schema\/logo\/image\/","url":"https:\/\/alternatifbakim.org\/wp-content\/uploads\/2021\/08\/alternatifbakim-logo.png","contentUrl":"https:\/\/alternatifbakim.org\/wp-content\/uploads\/2021\/08\/alternatifbakim-logo.png","width":3212,"height":784,"caption":"Alternative Care Database"},"image":{"@id":"https:\/\/alternatifbakim.org\/en\/#\/schema\/logo\/image\/"},"sameAs":["https:\/\/www.facebook.com\/hayatsendeorg","https:\/\/x.com\/hayatsendeorg","https:\/\/www.instagram.com\/alternatifbakim\/","https:\/\/www.linkedin.com\/company\/hayatsende\/","https:\/\/www.youtube.com\/channel\/UCi_cwDlfS8YvxWWKFRWaAdw"]}]}},"_links":{"self":[{"href":"https:\/\/alternatifbakim.org\/en\/wp-json\/wp\/v2\/pages\/8351","targetHints":{"allow":["GET"]}}],"collection":[{"href":"https:\/\/alternatifbakim.org\/en\/wp-json\/wp\/v2\/pages"}],"about":[{"href":"https:\/\/alternatifbakim.org\/en\/wp-json\/wp\/v2\/types\/page"}],"author":[{"embeddable":true,"href":"https:\/\/alternatifbakim.org\/en\/wp-json\/wp\/v2\/users\/3"}],"replies":[{"embeddable":true,"href":"https:\/\/alternatifbakim.org\/en\/wp-json\/wp\/v2\/comments?post=8351"}],"version-history":[{"count":2,"href":"https:\/\/alternatifbakim.org\/en\/wp-json\/wp\/v2\/pages\/8351\/revisions"}],"predecessor-version":[{"id":8380,"href":"https:\/\/alternatifbakim.org\/en\/wp-json\/wp\/v2\/pages\/8351\/revisions\/8380"}],"wp:featuredmedia":[{"embeddable":true,"href":"https:\/\/alternatifbakim.org\/en\/wp-json\/wp\/v2\/media\/6948"}],"wp:attachment":[{"href":"https:\/\/alternatifbakim.org\/en\/wp-json\/wp\/v2\/media?parent=8351"}],"curies":[{"name":"wp","href":"https:\/\/api.w.org\/{rel}","templated":true}]}}